{"id":17,"date":"2024-05-21T20:03:34","date_gmt":"2024-05-21T20:03:34","guid":{"rendered":"https:\/\/partidohumanista.es\/?page_id=17"},"modified":"2024-05-26T22:34:04","modified_gmt":"2024-05-26T22:34:04","slug":"ideas-basicas","status":"publish","type":"page","link":"https:\/\/partidohumanista.es\/index.php\/ideas-basicas\/","title":{"rendered":"Ideas b\u00e1sicas"},"content":{"rendered":"\t\t<div data-elementor-type=\"wp-page\" data-elementor-id=\"17\" class=\"elementor elementor-17\">\n\t\t\t\t<div class=\"elementor-element elementor-element-bcdaa19 e-flex e-con-boxed e-con e-parent\" data-id=\"bcdaa19\" data-element_type=\"container\" data-e-type=\"container\">\n\t\t\t\t\t<div class=\"e-con-inner\">\n\t\t<div class=\"elementor-element elementor-element-6d2ead0 e-con-full e-flex e-con e-child\" data-id=\"6d2ead0\" data-element_type=\"container\" data-e-type=\"container\">\n\t\t\t\t<div class=\"elementor-element elementor-element-07b23b1 elementor-widget elementor-widget-text-editor\" data-id=\"07b23b1\" data-element_type=\"widget\" data-e-type=\"widget\" data-widget_type=\"text-editor.default\">\n\t\t\t\t<div class=\"elementor-widget-container\">\n\t\t\t\t\t\t\t\t\t<p class=\"MsoNormal\" style=\"text-align: center;\" align=\"center\"><b><span style=\"font-size: 18.0pt; mso-bidi-font-size: 12.0pt; line-height: 107%;\">Documento Humanista<\/span><\/b><\/p><p class=\"MsoNormal\" style=\"text-align: justify;\"><span style=\"font-size: 12.0pt; line-height: 107%;\">05\/04\/1993. Los humanistas son mujeres y hombres de este siglo, de \u00e9sta \u00e9poca. Reconocen los antecedentes del humanismo hist\u00f3rico y se inspiran en los aportes de las distintas culturas, no solamente de aquellas que en este momento ocupan un lugar central. Son, adem\u00e1s, hombres y mujeres que dejan atr\u00e1s este siglo y este milenio, y se proyectan a un nuevo mundo.<\/span><\/p><p class=\"MsoNormal\" style=\"text-align: justify;\"><span style=\"font-size: 12.0pt; line-height: 107%;\">Los humanistas sienten que su historia es muy larga y que su futuro es a\u00fan m\u00e1s extendido. Piensan en el porvenir, luchando por superar la crisis general del presente. Son optimistas, creen en la libertad y en el progreso social.<\/span><\/p><p class=\"MsoNormal\" style=\"text-align: justify;\"><span style=\"font-size: 12.0pt; line-height: 107%;\">Los humanistas son internacionalistas, aspiran a una naci\u00f3n humana universal. Comprenden globalmente al mundo en que viven y act\u00faan en su medio inmediato. No desean un mundo uniforme sino m\u00faltiple: m\u00faltiple en las etnias, lenguas y costumbres; m\u00faltiple en las localidades, las regiones y las autonom\u00edas; m\u00faltiple en las ideas y las aspiraciones; m\u00faltiple en las creencias, el ate\u00edsmo y la religiosidad; m\u00faltiple en el trabajo; m\u00faltiple en la creatividad.<\/span><\/p><p class=\"MsoNormal\" style=\"text-align: justify;\"><span style=\"font-size: 12.0pt; line-height: 107%;\">Los humanistas no quieren amos; no quieren dirigentes ni jefes, ni se sienten representantes ni jefes de nadie. Los humanistas no quieren un Estado centralizado, ni un Paraestado que lo reemplace. Los humanistas no quieren ej\u00e9rcitos polic\u00edacos, ni bandas armadas que los sustituyan.<\/span><\/p><p class=\"MsoNormal\" style=\"text-align: justify;\"><span style=\"font-size: 12.0pt; line-height: 107%;\">Pero entre las aspiraciones humanistas y las realidades del mundo de hoy, se ha levantado un muro. Ha llegado pues, el momento de derribarlo. Para ello es necesaria la uni\u00f3n de todos los humanistas del mundo.<\/span><\/p><p class=\"MsoNormal\" style=\"text-align: center;\"><span style=\"font-size: 12.0pt; line-height: 107%;\">\u00a0<\/span><a style=\"font-family: var( --e-global-typography-text-font-family ), Sans-serif; font-weight: var( --e-global-typography-text-font-weight ); text-align: var(--text-align); background-color: #ffffff; font-size: 1rem;\" href=\"https:\/\/partidohumanista.es\/wp-content\/uploads\/2024\/05\/Documento-Humanista.pdf\" target=\"_blank\" rel=\"noopener\">Leer documento completo<\/a><\/p>\t\t\t\t\t\t\t\t<\/div>\n\t\t\t\t<\/div>\n\t\t\t\t<\/div>\n\t\t<div class=\"elementor-element elementor-element-8ed96f1 e-con-full e-flex e-con e-child\" data-id=\"8ed96f1\" data-element_type=\"container\" data-e-type=\"container\">\n\t\t\t\t<div class=\"elementor-element elementor-element-f4c114a elementor-widget elementor-widget-heading\" data-id=\"f4c114a\" data-element_type=\"widget\" data-e-type=\"widget\" data-widget_type=\"heading.default\">\n\t\t\t\t<div class=\"elementor-widget-container\">\n\t\t\t\t\t<h4 class=\"elementor-heading-title elementor-size-default\">Materiales ideol\u00f3gicos y organizativos<\/h4>\t\t\t\t<\/div>\n\t\t\t\t<\/div>\n\t\t<div class=\"elementor-element elementor-element-2370c13 e-grid e-con-boxed e-con e-child\" data-id=\"2370c13\" data-element_type=\"container\" data-e-type=\"container\">\n\t\t\t\t\t<div class=\"e-con-inner\">\n\t\t\t\t<div class=\"elementor-element elementor-element-c7ffdca elementor-widget elementor-widget-text-editor\" data-id=\"c7ffdca\" data-element_type=\"widget\" data-e-type=\"widget\" data-widget_type=\"text-editor.default\">\n\t\t\t\t<div class=\"elementor-widget-container\">\n\t\t\t\t\t\t\t\t\t<h5 class=\"et_pb_module_header\"><img decoding=\"async\" class=\"alignnone size-full wp-image-435\" src=\"https:\/\/partidohumanista.es\/wp-content\/uploads\/2024\/05\/50preguntas.jpg\" alt=\"\" width=\"43\" height=\"36\"><br>50 preguntas al candidato humanista<\/h5>\n<div class=\"et_pb_blurb_description\">\n<p>Las preguntas m\u00e1s frecuentes que nos hacen a los humanistas.&nbsp;<a href=\"https:\/\/partidohumanista.es\/wp-content\/uploads\/2024\/05\/Preguntas-y-respuestas-v1.pdf\" target=\"_blank\" style=\"font-family: var( --e-global-typography-text-font-family ), Sans-serif; font-weight: var( --e-global-typography-text-font-weight ); text-align: var(--text-align); background-color: rgb(255, 255, 255); font-size: 1rem;\">Desc\u00e1rgalo<\/a><\/p>\n<\/div>\t\t\t\t\t\t\t\t<\/div>\n\t\t\t\t<\/div>\n\t\t\t\t<div class=\"elementor-element elementor-element-30fad2e elementor-widget elementor-widget-text-editor\" data-id=\"30fad2e\" data-element_type=\"widget\" data-e-type=\"widget\" data-widget_type=\"text-editor.default\">\n\t\t\t\t<div class=\"elementor-widget-container\">\n\t\t\t\t\t\t\t\t\t<h5 class=\"et_pb_module_header\"><img decoding=\"async\" class=\"alignnone size-full wp-image-436\" src=\"https:\/\/partidohumanista.es\/wp-content\/uploads\/2024\/05\/cartasamigos.jpg\" alt=\"\" width=\"42\" height=\"34\"><br>Cartas a mis amigos<\/h5>\n<div class=\"et_pb_blurb_description\">\n<p><strong>Autor: Silo.<\/strong>&nbsp;Sobre la crisis social y personal. C\u00f3mo desarrollar un cambio interno y social.&nbsp;<a href=\"https:\/\/partidohumanista.es\/wp-content\/uploads\/2024\/05\/Cartas_a_mis_amigos.pdf\" target=\"_blank\" style=\"font-family: var( --e-global-typography-text-font-family ), Sans-serif; font-weight: var( --e-global-typography-text-font-weight ); text-align: var(--text-align); background-color: rgb(255, 255, 255); font-size: 1rem;\">Desc\u00e1rgalo<\/a><\/p>\n<\/div>\t\t\t\t\t\t\t\t<\/div>\n\t\t\t\t<\/div>\n\t\t\t\t<div class=\"elementor-element elementor-element-844c9b2 elementor-widget elementor-widget-text-editor\" data-id=\"844c9b2\" data-element_type=\"widget\" data-e-type=\"widget\" data-widget_type=\"text-editor.default\">\n\t\t\t\t<div class=\"elementor-widget-container\">\n\t\t\t\t\t\t\t\t\t<h5 class=\"et_pb_module_header\"><img decoding=\"async\" class=\"alignnone size-full wp-image-438\" src=\"https:\/\/partidohumanista.es\/wp-content\/uploads\/2024\/05\/economia-mixta.jpg\" alt=\"\" width=\"42\" height=\"41\"><br>Econom\u00eda Mixta &#8211; M\u00e1s all\u00e1 del capitalismo<\/h5>\n<div class=\"et_pb_blurb_description\">\n<p>Propuestas para una econom\u00eda humanista. Autor: Guillermo Sullings.&nbsp;<a href=\"https:\/\/partidohumanista.es\/wp-content\/uploads\/2024\/05\/guillermo_sullings_economia_mixta.pdf\" target=\"_blank\" style=\"font-family: var( --e-global-typography-text-font-family ), Sans-serif; font-weight: var( --e-global-typography-text-font-weight ); text-align: var(--text-align); background-color: rgb(255, 255, 255); font-size: 1rem;\">Desc\u00e1rgalo<\/a><\/p>\n<\/div>\t\t\t\t\t\t\t\t<\/div>\n\t\t\t\t<\/div>\n\t\t\t\t<div class=\"elementor-element elementor-element-cc84e42 elementor-widget elementor-widget-text-editor\" data-id=\"cc84e42\" data-element_type=\"widget\" data-e-type=\"widget\" data-widget_type=\"text-editor.default\">\n\t\t\t\t<div class=\"elementor-widget-container\">\n\t\t\t\t\t\t\t\t\t<h5 class=\"et_pb_module_header\"><img loading=\"lazy\" decoding=\"async\" class=\"alignnone size-full wp-image-439\" src=\"https:\/\/partidohumanista.es\/wp-content\/uploads\/2024\/05\/empleo.jpg\" alt=\"\" width=\"43\" height=\"44\"><br>Pol\u00edticas de Empleo<\/h5>\n<div class=\"et_pb_blurb_description\">\n<p>Un punto de vista sobre la necesidad del reparto del empleo y la Propiedad Participada de los Trabajadores.&nbsp;<a href=\"https:\/\/partidohumanista.es\/wp-content\/uploads\/2024\/05\/politicas-de-empleo-ph.pdf\" target=\"_blank\" style=\"font-family: var( --e-global-typography-text-font-family ), Sans-serif; font-weight: var( --e-global-typography-text-font-weight ); text-align: var(--text-align); background-color: rgb(255, 255, 255); font-size: 1rem;\">Desc\u00e1rgalo<\/a><\/p>\n<\/div>\t\t\t\t\t\t\t\t<\/div>\n\t\t\t\t<\/div>\n\t\t\t\t<div class=\"elementor-element elementor-element-aa6805a elementor-widget elementor-widget-text-editor\" data-id=\"aa6805a\" data-element_type=\"widget\" data-e-type=\"widget\" data-widget_type=\"text-editor.default\">\n\t\t\t\t<div class=\"elementor-widget-container\">\n\t\t\t\t\t\t\t\t\t<h4 class=\"et_pb_module_header\"><img loading=\"lazy\" decoding=\"async\" class=\"alignnone size-full wp-image-440\" src=\"https:\/\/partidohumanista.es\/wp-content\/uploads\/2024\/05\/situacion-mundial.jpg\" alt=\"\" width=\"37\" height=\"37\"><\/h4>\n<h5 class=\"et_pb_module_header\">Sobre la situaci\u00f3n mundial<\/h5>\n<div class=\"et_pb_blurb_description\">\n<p>La no-violencia y la irrupci\u00f3n de las nuevas generaciones.&nbsp;<a href=\"https:\/\/partidohumanista.es\/wp-content\/uploads\/2024\/05\/DOCUMENTO-DEL-PARTIDO-HUMANISTA-INTERNACIONAL.pdf\" target=\"_blank\" style=\"font-family: var( --e-global-typography-text-font-family ), Sans-serif; font-weight: var( --e-global-typography-text-font-weight ); text-align: var(--text-align); background-color: rgb(255, 255, 255); font-size: 1rem;\">Desc\u00e1rgalo<\/a><\/p>\n<\/div>\t\t\t\t\t\t\t\t<\/div>\n\t\t\t\t<\/div>\n\t\t\t\t<div class=\"elementor-element elementor-element-b29bdfc elementor-widget elementor-widget-text-editor\" data-id=\"b29bdfc\" data-element_type=\"widget\" data-e-type=\"widget\" data-widget_type=\"text-editor.default\">\n\t\t\t\t<div class=\"elementor-widget-container\">\n\t\t\t\t\t\t\t\t\t<h4 class=\"et_pb_module_header\"><img loading=\"lazy\" decoding=\"async\" class=\"alignnone size-full wp-image-441\" src=\"https:\/\/partidohumanista.es\/wp-content\/uploads\/2024\/05\/estatutos-phi.jpg\" alt=\"\" width=\"35\" height=\"36\"><\/h4>\n<h5 class=\"et_pb_module_header\">Estatutos del PHI de Espa\u00f1a<\/h5>\n<div class=\"et_pb_blurb_description\">\n<p>Estatutos.&nbsp;<a href=\"https:\/\/partidohumanista.es\/wp-content\/uploads\/2024\/05\/EstatutosPH.pdf\" target=\"_blank\" style=\"font-family: var( --e-global-typography-text-font-family ), Sans-serif; font-weight: var( --e-global-typography-text-font-weight ); text-align: var(--text-align); background-color: rgb(255, 255, 255); font-size: 1rem;\">Desc\u00e1rgalo<\/a><\/p>\n<\/div>\t\t\t\t\t\t\t\t<\/div>\n\t\t\t\t<\/div>\n\t\t\t\t<div class=\"elementor-element elementor-element-5e5a976 elementor-widget elementor-widget-text-editor\" data-id=\"5e5a976\" data-element_type=\"widget\" data-e-type=\"widget\" data-widget_type=\"text-editor.default\">\n\t\t\t\t<div class=\"elementor-widget-container\">\n\t\t\t\t\t\t\t\t\t<h4 class=\"et_pb_module_header\"><img loading=\"lazy\" decoding=\"async\" class=\"alignnone size-full wp-image-437\" src=\"https:\/\/partidohumanista.es\/wp-content\/uploads\/2024\/05\/internacional-florencia.jpg\" alt=\"\" width=\"38\" height=\"39\"><\/h4>\n<h5 class=\"et_pb_module_header\">Internacional Humanista<\/h5>\n<div class=\"et_pb_blurb_description\">\n<p>Documentos y acuerdos tomados en 1\u00aa Internacional Humanista.&nbsp;<a href=\"https:\/\/partidohumanista.es\/wp-content\/uploads\/2024\/05\/Primera-internacional-humanista.pdf\" target=\"_blank\" style=\"font-family: var( --e-global-typography-text-font-family ), Sans-serif; font-weight: var( --e-global-typography-text-font-weight ); text-align: var(--text-align); background-color: rgb(255, 255, 255); font-size: 1rem;\">Desc\u00e1rgalo<\/a><\/p>\n<\/div>\t\t\t\t\t\t\t\t<\/div>\n\t\t\t\t<\/div>\n\t\t\t\t\t<\/div>\n\t\t\t\t<\/div>\n\t\t\t\t<\/div>\n\t\t\t\t\t<\/div>\n\t\t\t\t<\/div>\n\t\t\t\t<\/div>\n\t\t","protected":false},"excerpt":{"rendered":"<p>Documento Humanista 05\/04\/1993. Los humanistas son mujeres y hombres de este siglo, de \u00e9sta \u00e9poca. Reconocen los antecedentes del humanismo hist\u00f3rico y se inspiran en los aportes de las distintas culturas, no solamente de aquellas que en este momento ocupan un lugar central. Son, adem\u00e1s, hombres y mujeres que dejan atr\u00e1s este siglo y este [&hellip;]<\/p>\n","protected":false},"author":1,"featured_media":0,"parent":0,"menu_order":0,"comment_status":"closed","ping_status":"closed","template":"","meta":{"footnotes":""},"class_list":["post-17","page","type-page","status-publish","hentry"],"_links":{"self":[{"href":"https:\/\/partidohumanista.es\/index.php\/wp-json\/wp\/v2\/pages\/17","targetHints":{"allow":["GET"]}}],"collection":[{"href":"https:\/\/partidohumanista.es\/index.php\/wp-json\/wp\/v2\/pages"}],"about":[{"href":"https:\/\/partidohumanista.es\/index.php\/wp-json\/wp\/v2\/types\/page"}],"author":[{"embeddable":true,"href":"https:\/\/partidohumanista.es\/index.php\/wp-json\/wp\/v2\/users\/1"}],"replies":[{"embeddable":true,"href":"https:\/\/partidohumanista.es\/index.php\/wp-json\/wp\/v2\/comments?post=17"}],"version-history":[{"count":91,"href":"https:\/\/partidohumanista.es\/index.php\/wp-json\/wp\/v2\/pages\/17\/revisions"}],"predecessor-version":[{"id":501,"href":"https:\/\/partidohumanista.es\/index.php\/wp-json\/wp\/v2\/pages\/17\/revisions\/501"}],"wp:attachment":[{"href":"https:\/\/partidohumanista.es\/index.php\/wp-json\/wp\/v2\/media?parent=17"}],"curies":[{"name":"wp","href":"https:\/\/api.w.org\/{rel}","templated":true}]}}