{"id":182,"date":"2024-05-22T21:30:55","date_gmt":"2024-05-22T21:30:55","guid":{"rendered":"https:\/\/partidohumanista.es\/?page_id=182"},"modified":"2024-05-22T21:32:29","modified_gmt":"2024-05-22T21:32:29","slug":"politica-de-privacidad","status":"publish","type":"page","link":"https:\/\/partidohumanista.es\/index.php\/politica-de-privacidad\/","title":{"rendered":"Pol\u00edtica de Privacidad"},"content":{"rendered":"\t\t<div data-elementor-type=\"wp-page\" data-elementor-id=\"182\" class=\"elementor elementor-182\">\n\t\t\t\t<div class=\"elementor-element elementor-element-a68c255 e-flex e-con-boxed e-con e-parent\" data-id=\"a68c255\" data-element_type=\"container\" data-e-type=\"container\">\n\t\t\t\t\t<div class=\"e-con-inner\">\n\t\t\t\t<div class=\"elementor-element elementor-element-9f85c10 elementor-widget elementor-widget-text-editor\" data-id=\"9f85c10\" data-element_type=\"widget\" data-e-type=\"widget\" data-widget_type=\"text-editor.default\">\n\t\t\t\t<div class=\"elementor-widget-container\">\n\t\t\t\t\t\t\t\t\t<h3>1. DATOS DEL RESPONSABLE DEL TRATAMIENTO<\/h3><p>Raz\u00f3n Social: PARTIDO HUMANISTA (en adelante, el \u201cPartido\u201d o el \u201cResponsable\u201d).<br \/>CIF: G78327905<br \/>Domicilio: C\/ JERONIMA LLORENTE, 7 \u2013 2\u00ba D, 28039, MADRID<br \/>Tel\u00e9fono: 661506855<br \/>Email para comunicaciones en materia de Protecci\u00f3n de datos:<br \/>PHE.EQUIPOCOORDINADOR.2018@GMAIL.COM<\/p><p><strong>1.1. Normativa aplicable<\/strong><br \/>Nuestra Pol\u00edtica de Privacidad se ha dise\u00f1ado de acuerdo con el Reglamento General de<br \/>Protecci\u00f3n de Datos de la UE 2016\/679 del Parlamento Europeo y del Consejo, de 27 de abril<br \/>de 2016, relativo a la protecci\u00f3n de las personas f\u00edsicas en lo que respecta al tratamiento de<br \/>datos personales y a la libre circulaci\u00f3n de estos datos y por el que se deroga la Directiva<br \/>95\/46\/CE (Reglamento general de protecci\u00f3n de datos), y en lo que no contradiga el mencionado<br \/>Reglamento, por lo dispuesto en el marco legislativo espa\u00f1ol en materia de Protecci\u00f3n de Datos<br \/>de Car\u00e1cter Personal.<br \/>Al facilitarnos sus datos, Usted declara haber le\u00eddo y conocer la presente Pol\u00edtica de Privacidad,<br \/>prestando su consentimiento inequ\u00edvoco y expreso al tratamiento de sus datos personales de<br \/>acuerdo a las finalidades y t\u00e9rminos aqu\u00ed expresados.<br \/>El Partido podr\u00e1 modificar la presente Pol\u00edtica de Privacidad para adaptarla a las novedades<br \/>legislativas, jurisprudenciales o de interpretaci\u00f3n de la Agencia Espa\u00f1ola de Protecci\u00f3n de<br \/>Datos. Estas condiciones de privacidad podr\u00e1n ser complementadas por el Aviso Legal, Pol\u00edtica<br \/>de Cookies y las Condiciones Generales que, en su caso, se recojan para determinados<br \/>productos o servicios, si dicho acceso supone alguna especialidad en materia de protecci\u00f3n de<br \/>datos de car\u00e1cter personal.<\/p><p><strong>1.2. Delegado de Protecci\u00f3n de Datos<\/strong><br \/>El Partido no tiene Delegado de Protecci\u00f3n de Datos.<\/p><h3>2. FINALIDAD DEL TRATAMIENTO DE LOS DATOS PERSONALES<\/h3><p>El tratamiento que realizamos de sus datos personales responde a las siguientes finalidades:<br \/>&#8211; Proporcionarle informaci\u00f3n relacionada con las propuestas y actividades que propone nuestro<br \/>Partido y que se detallan en este web site.<br \/>&#8211; Realizar la comunicaci\u00f3n necesaria para conocer los puntos de vista y las actividades a<br \/>realizar, a fin de poder aportar y participar de las mismas.<br \/>&#8211; Enviarle por correo electr\u00f3nico y\/o postal las noticias y novedades acerca de nuestra actividad,<br \/>as\u00ed como las actualizaciones de nuestros puntos de vista sobre diferentes temas.<\/p><p><strong>2.1. Plazo de Conservaci\u00f3n de sus datos<\/strong><\/p><p>Conservaremos sus datos personales desde que nos d\u00e9 su consentimiento hasta que lo revoque<br \/>o bien solicite la limitaci\u00f3n del tratamiento. En tales casos, mantendremos sus datos de manera<br \/>bloqueada durante los plazos legalmente exigidos.<\/p><h3>3. LEGITIMACI\u00d3N Y DATOS RECABADOS<\/h3><p>La legitimaci\u00f3n para el tratamiento de sus datos es el consentimiento expreso otorgado mediante<br \/>un acto positivo y afirmativo (rellenar el formulario correspondiente y marcar la casilla de<br \/>aceptaci\u00f3n de esta pol\u00edtica) en el momento de facilitarnos sus datos personales.<\/p><p><strong>3.1. Consentimiento para tratar sus datos<\/strong><br \/>Al rellenar los formularios, marcar la casilla \u201cAcepto la Pol\u00edtica de Privacidad\u201d y hacer clic para<br \/>enviar los datos, o al remitir correos electr\u00f3nicos al Partido a trav\u00e9s de las cuentas habilitadas al<br \/>efecto, el Usuario manifiesta haber le\u00eddo y aceptado expresamente la presente pol\u00edtica de<br \/>privacidad, y otorga su consentimiento inequ\u00edvoco y expreso al tratamiento de sus datos<br \/>personales conforme a las finalidades indicadas.<\/p><p><strong>3.2. Categor\u00edas de datos<\/strong><br \/>Los datos que se recaban se refieren a la categor\u00eda de datos identificativos, como pueden ser:<br \/>Nombre y Apellidos, Tel\u00e9fono, Direcci\u00f3n Postal, Correo electr\u00f3nico, as\u00ed como la direcci\u00f3n IP<br \/>desde donde accede al formulario de recogida de datos.<\/p><h3>4. MEDIDAS DE SEGURIDAD<\/h3><p>Dentro de nuestro compromiso por garantizar la seguridad y confidencialidad de sus datos de<br \/>car\u00e1cter personal, le informamos que se han adoptado las medidas de \u00edndole t\u00e9cnica y<br \/>organizativas necesarias para garantizar la seguridad de los datos de car\u00e1cter personal y evitar<br \/>su alteraci\u00f3n, p\u00e9rdida, tratamiento o acceso no autorizado, habida cuenta del estado de la<br \/>tecnolog\u00eda, la naturaleza de los datos almacenados y los riesgos a que est\u00e9n expuestos, seg\u00fan<br \/>el Art. 32 del RGPD EU 679\/2016.<\/p><h3>5. CESI\u00d3N DE DATOS<\/h3><p>No se prev\u00e9n cesiones de datos ni transferencias internacionales de sus datos, a excepci\u00f3n de<br \/>las autorizadas por la legislaci\u00f3n fiscal, mercantil y de telecomunicaciones as\u00ed como en aquellos<br \/>casos en los que una autoridad judicial nos lo requiera.<\/p><h3>6. DERECHOS DEL USUARIO<\/h3><p>Cualquier interesado tiene derecho a obtener confirmaci\u00f3n sobre si estamos tratando datos<br \/>personales que le conciernan, o no. Las personas interesadas tienen derecho a acceder a sus<br \/>datos personales, as\u00ed como a solicitar la rectificaci\u00f3n de los datos inexactos o, en su caso,<br \/>solicitar su supresi\u00f3n cuando, entre otros motivos, los datos ya no sean necesarios para los fines<br \/>que fueron recogidos. En determinadas circunstancias, los interesados podr\u00e1n solicitar la<br \/>limitaci\u00f3n del tratamiento de sus datos, en cuyo caso \u00fanicamente los conservaremos para el<br \/>ejercicio o la defensa de reclamaciones. Por motivos relacionados con su situaci\u00f3n particular, los<br \/>interesados podr\u00e1n oponerse al tratamiento de sus datos. El Responsable del fichero dejar\u00e1 de<br \/>tratar los datos, salvo por motivos leg\u00edtimos imperiosos, o el ejercicio o la defensa de posibles<br \/>reclamaciones.<br \/>De acuerdo con la legislaci\u00f3n vigente tiene los siguientes derechos: derecho a solicitar el acceso<br \/>a sus datos personales, derecho a solicitar su rectificaci\u00f3n o supresi\u00f3n, derecho a solicitar la limitaci\u00f3n<\/p><p>de su tratamiento, derecho a oponerse al tratamiento, derecho a la portabilidad de los<br \/>datos y as\u00ed mismo, a revocar el consentimiento otorgado.<\/p><p><strong>6.1. \u00bfC\u00f3mo ejercitar mis derechos?<\/strong><br \/>Para ejercer sus derechos, debe dirigirse al responsable, solicitando el correspondiente<br \/>formulario para el ejercicio del derecho elegido. Opcionalmente, puede acudir a la Autoridad de<br \/>Control competente para obtener informaci\u00f3n adicional acerca de sus derechos. Los datos de<br \/>contacto para el ejercicio de sus derechos son el tel\u00e9fono 661506855 y el correo electr\u00f3nico:<br \/>PHE.EQUIPOCOORDINADOR.2018@GMAIL.COM. Recuerde acompa\u00f1ar una copia de un<br \/>documento que nos permita identificarle.<\/p><h3>7. CONSENTIMIENTO PARA ENV\u00cdO DE COMUNICACIONES ELECTR\u00d3NICAS<\/h3><p>\u00a0<\/p><p>As\u00ed mismo, y de acuerdo con lo establecido en la Ley 34\/2002, de 11 de julio, de Servicios de la<br \/>Sociedad de la Informaci\u00f3n y del Comercio Electr\u00f3nico, completando el formulario de recogida<br \/>de datos y marcando la correspondiente casilla \u201cAcepto el env\u00edo de comunicaciones<br \/>electr\u00f3nicas\u201d, est\u00e1 otorgando el consentimiento expreso para enviarle a su direcci\u00f3n de correo<br \/>electr\u00f3nico, tel\u00e9fono, fax u otro medio electr\u00f3nico el env\u00edo de informaci\u00f3n acerca del Partido.<\/p>\t\t\t\t\t\t\t\t<\/div>\n\t\t\t\t<\/div>\n\t\t\t\t\t<\/div>\n\t\t\t\t<\/div>\n\t\t\t\t<\/div>\n\t\t","protected":false},"excerpt":{"rendered":"<p>1. DATOS DEL RESPONSABLE DEL TRATAMIENTO Raz\u00f3n Social: PARTIDO HUMANISTA (en adelante, el \u201cPartido\u201d o el \u201cResponsable\u201d).CIF: G78327905Domicilio: C\/ JERONIMA LLORENTE, 7 \u2013 2\u00ba D, 28039, MADRIDTel\u00e9fono: 661506855Email para comunicaciones en materia de Protecci\u00f3n de datos:PHE.EQUIPOCOORDINADOR.2018@GMAIL.COM 1.1. Normativa aplicableNuestra Pol\u00edtica de Privacidad se ha dise\u00f1ado de acuerdo con el Reglamento General deProtecci\u00f3n de Datos de [&hellip;]<\/p>\n","protected":false},"author":1,"featured_media":0,"parent":0,"menu_order":0,"comment_status":"closed","ping_status":"closed","template":"","meta":{"footnotes":""},"class_list":["post-182","page","type-page","status-publish","hentry"],"_links":{"self":[{"href":"https:\/\/partidohumanista.es\/index.php\/wp-json\/wp\/v2\/pages\/182","targetHints":{"allow":["GET"]}}],"collection":[{"href":"https:\/\/partidohumanista.es\/index.php\/wp-json\/wp\/v2\/pages"}],"about":[{"href":"https:\/\/partidohumanista.es\/index.php\/wp-json\/wp\/v2\/types\/page"}],"author":[{"embeddable":true,"href":"https:\/\/partidohumanista.es\/index.php\/wp-json\/wp\/v2\/users\/1"}],"replies":[{"embeddable":true,"href":"https:\/\/partidohumanista.es\/index.php\/wp-json\/wp\/v2\/comments?post=182"}],"version-history":[{"count":7,"href":"https:\/\/partidohumanista.es\/index.php\/wp-json\/wp\/v2\/pages\/182\/revisions"}],"predecessor-version":[{"id":189,"href":"https:\/\/partidohumanista.es\/index.php\/wp-json\/wp\/v2\/pages\/182\/revisions\/189"}],"wp:attachment":[{"href":"https:\/\/partidohumanista.es\/index.php\/wp-json\/wp\/v2\/media?parent=182"}],"curies":[{"name":"wp","href":"https:\/\/api.w.org\/{rel}","templated":true}]}}